{"id":1738,"date":"2022-08-12T18:45:26","date_gmt":"2022-08-12T21:45:26","guid":{"rendered":"https:\/\/semadi.com.br\/ctm\/?page_id=1738"},"modified":"2025-11-16T19:37:44","modified_gmt":"2025-11-16T22:37:44","slug":"quem-somos","status":"publish","type":"page","link":"https:\/\/semadi.com.br\/ctm\/quem-somos\/","title":{"rendered":"Quem somos"},"content":{"rendered":"\t\t<div data-elementor-type=\"wp-page\" data-elementor-id=\"1738\" class=\"elementor elementor-1738\" data-elementor-post-type=\"page\">\n\t\t\t\t<div class=\"elementor-element elementor-element-b43b62f e-flex e-con-boxed e-con e-parent\" data-id=\"b43b62f\" data-element_type=\"container\">\n\t\t\t\t\t<div class=\"e-con-inner\">\n\t\t<div class=\"elementor-element elementor-element-0fe18d3 e-con-full e-flex e-con e-child\" data-id=\"0fe18d3\" data-element_type=\"container\">\n\t\t\t\t<div class=\"elementor-element elementor-element-3fbed65 elementor-widget__width-initial elementor-widget elementor-widget-text-editor\" data-id=\"3fbed65\" data-element_type=\"widget\" data-widget_type=\"text-editor.default\">\n\t\t\t\t<div class=\"elementor-widget-container\">\n\t\t\t<style>\/*! elementor - v3.22.0 - 26-06-2024 *\/\n.elementor-widget-text-editor.elementor-drop-cap-view-stacked .elementor-drop-cap{background-color:#69727d;color:#fff}.elementor-widget-text-editor.elementor-drop-cap-view-framed .elementor-drop-cap{color:#69727d;border:3px solid;background-color:transparent}.elementor-widget-text-editor:not(.elementor-drop-cap-view-default) .elementor-drop-cap{margin-top:8px}.elementor-widget-text-editor:not(.elementor-drop-cap-view-default) .elementor-drop-cap-letter{width:1em;height:1em}.elementor-widget-text-editor .elementor-drop-cap{float:left;text-align:center;line-height:1;font-size:50px}.elementor-widget-text-editor .elementor-drop-cap-letter{display:inline-block}<\/style>\t\t\t\t<p>A SEMADI teve seu in\u00edcio com o desejo ardente no cora\u00e7\u00e3o do saudoso pastor Alfredo Reikdal em fazer miss\u00f5es, que em 2005 atrav\u00e9s de uma reuni\u00e3o presidida pelo nosso atual pastor presidente Alcides F\u00e1varo a SEMADI se tornou uma grande realidade.<\/p><p>A SEMADI \u00e9 a Secretaria de Miss\u00f5es da Assembleia de Deus minist\u00e9rio no Ipiranga. Um departamento sem fins lucrativos voltado para a causa mission\u00e1ria. Respons\u00e1vel pelos mission\u00e1rios que est\u00e3o no campo e pela nova forma\u00e7\u00e3o de novos mission\u00e1rios, em nossa base mission\u00e1ria, na cidade de Itatiba no estado de S\u00e3o Paulo.<br \/>Ao longo dos anos a SEMADI vem crescendo e enviando mission\u00e1rios para v\u00e1rios lugares do mundo. Em 2012 se instalou na cidade de Itatiba, ganhando assim a sua base internacional de miss\u00f5es, onde \u00e9 o centro de forma\u00e7\u00e3o mission\u00e1ria.<\/p><p>Acreditamos que o evangelho s\u00e3o as boas novas de Deus para todo o mundo, e por sua gra\u00e7a, decidimos obedecer ao mandamento de Cristo de proclam\u00e1-lo a toda a humanidade e fazer disc\u00edpulos de todas as na\u00e7\u00f5es.<\/p><p>E para que essa grande obra aconte\u00e7a \u00e9 necess\u00e1ria muita disposi\u00e7\u00e3o, muita dedica\u00e7\u00e3o para que novos alunos se formem em diversas \u00e1reas e tamb\u00e9m para que o mission\u00e1rio seja mantido no campo e que as informa\u00e7\u00f5es cheguem aos membros da igreja e apoiadores da obra mission\u00e1ria e estejam cientes dos destinos de suas ora\u00e7\u00f5es contribui\u00e7\u00f5es e claro, tamb\u00e9m despertar mais vidas para o chamado mission\u00e1rio.<br \/>S\u00e3o fam\u00edlias mission\u00e1rias, vivendo 100% da obra, ganhando almas para Jesus, construindo templos, batizando nas \u00e1guas, realizando trabalhos sociais, distribuindo b\u00edblias e rem\u00e9dios e zona de risco e tudo isso com a sua ajuda.<\/p><p>Voc\u00ea pode apenas ser um espectador, ir \u00e0 igreja assistir ao culto e depois ir embora, ou pode entregar-se a obra de Deus, arrega\u00e7ando as mangas e ajudando na igreja da qual Deus te chamou para fazer parte.<\/p><p>Envolver-se com a SEMADI \u00e9 fazer conosco a obra para a qual fomos chamados, decidindo obedecer ao mandamento de Cristo de proclam\u00e1-lo \u00e0s na\u00e7\u00f5es.<\/p>\t\t\t\t\t\t<\/div>\n\t\t\t\t<\/div>\n\t\t\t\t<\/div>\n\t\t<div class=\"elementor-element elementor-element-27eeb73 e-con-full e-flex e-con e-child\" data-id=\"27eeb73\" data-element_type=\"container\">\n\t\t\t\t<div class=\"elementor-element elementor-element-20a4698 elementor-widget elementor-widget-image\" data-id=\"20a4698\" data-element_type=\"widget\" data-widget_type=\"image.default\">\n\t\t\t\t<div class=\"elementor-widget-container\">\n\t\t\t<style>\/*! elementor - v3.22.0 - 26-06-2024 *\/\n.elementor-widget-image{text-align:center}.elementor-widget-image a{display:inline-block}.elementor-widget-image a img[src$=\".svg\"]{width:48px}.elementor-widget-image img{vertical-align:middle;display:inline-block}<\/style>\t\t\t\t\t\t\t\t\t\t<img fetchpriority=\"high\" width=\"768\" height=\"317\" src=\"https:\/\/semadi.com.br\/ctm\/wp-content\/uploads\/2022\/08\/logo-ctm-2023-05-768x317.png\" class=\"attachment-medium_large size-medium_large wp-image-1458\" alt=\"\" srcset=\"https:\/\/semadi.com.br\/ctm\/wp-content\/uploads\/2022\/08\/logo-ctm-2023-05-768x317.png 768w, https:\/\/semadi.com.br\/ctm\/wp-content\/uploads\/2022\/08\/logo-ctm-2023-05-600x247.png 600w, https:\/\/semadi.com.br\/ctm\/wp-content\/uploads\/2022\/08\/logo-ctm-2023-05-300x124.png 300w, https:\/\/semadi.com.br\/ctm\/wp-content\/uploads\/2022\/08\/logo-ctm-2023-05-1024x422.png 1024w, https:\/\/semadi.com.br\/ctm\/wp-content\/uploads\/2022\/08\/logo-ctm-2023-05.png 1249w\" sizes=\"(max-width: 768px) 100vw, 768px\" \/>\t\t\t\t\t\t\t\t\t\t\t\t\t<\/div>\n\t\t\t\t<\/div>\n\t\t\t\t<div class=\"elementor-element elementor-element-5ffd8dd elementor-widget elementor-widget-image\" data-id=\"5ffd8dd\" data-element_type=\"widget\" data-widget_type=\"image.default\">\n\t\t\t\t<div class=\"elementor-widget-container\">\n\t\t\t\t\t\t\t\t\t\t\t\t\t<img width=\"300\" height=\"235\" src=\"https:\/\/semadi.com.br\/ctm\/wp-content\/uploads\/2022\/08\/semadi-300x235.png\" class=\"attachment-medium size-medium wp-image-1750\" alt=\"\" srcset=\"https:\/\/semadi.com.br\/ctm\/wp-content\/uploads\/2022\/08\/semadi-300x235.png 300w, https:\/\/semadi.com.br\/ctm\/wp-content\/uploads\/2022\/08\/semadi-600x469.png 600w, https:\/\/semadi.com.br\/ctm\/wp-content\/uploads\/2022\/08\/semadi-1024x801.png 1024w, https:\/\/semadi.com.br\/ctm\/wp-content\/uploads\/2022\/08\/semadi-768x601.png 768w, https:\/\/semadi.com.br\/ctm\/wp-content\/uploads\/2022\/08\/semadi-1536x1201.png 1536w, https:\/\/semadi.com.br\/ctm\/wp-content\/uploads\/2022\/08\/semadi-2048x1601.png 2048w, https:\/\/semadi.com.br\/ctm\/wp-content\/uploads\/2022\/08\/semadi-1320x1032.png 1320w\" sizes=\"(max-width: 300px) 100vw, 300px\" \/>\t\t\t\t\t\t\t\t\t\t\t\t\t<\/div>\n\t\t\t\t<\/div>\n\t\t\t\t<div class=\"elementor-element elementor-element-b329482 elementor-widget elementor-widget-image\" data-id=\"b329482\" data-element_type=\"widget\" data-widget_type=\"image.default\">\n\t\t\t\t<div class=\"elementor-widget-container\">\n\t\t\t\t\t\t\t\t\t\t\t\t\t<img width=\"240\" height=\"300\" src=\"https:\/\/semadi.com.br\/ctm\/wp-content\/uploads\/2022\/08\/logotipo-oficial-MANUAL-DA-MARCA-02-240x300.png\" class=\"attachment-medium size-medium wp-image-1751\" alt=\"\" srcset=\"https:\/\/semadi.com.br\/ctm\/wp-content\/uploads\/2022\/08\/logotipo-oficial-MANUAL-DA-MARCA-02-240x300.png 240w, https:\/\/semadi.com.br\/ctm\/wp-content\/uploads\/2022\/08\/logotipo-oficial-MANUAL-DA-MARCA-02-600x750.png 600w, https:\/\/semadi.com.br\/ctm\/wp-content\/uploads\/2022\/08\/logotipo-oficial-MANUAL-DA-MARCA-02-819x1024.png 819w, https:\/\/semadi.com.br\/ctm\/wp-content\/uploads\/2022\/08\/logotipo-oficial-MANUAL-DA-MARCA-02-768x960.png 768w, https:\/\/semadi.com.br\/ctm\/wp-content\/uploads\/2022\/08\/logotipo-oficial-MANUAL-DA-MARCA-02-1229x1536.png 1229w, https:\/\/semadi.com.br\/ctm\/wp-content\/uploads\/2022\/08\/logotipo-oficial-MANUAL-DA-MARCA-02-1639x2048.png 1639w, https:\/\/semadi.com.br\/ctm\/wp-content\/uploads\/2022\/08\/logotipo-oficial-MANUAL-DA-MARCA-02-1320x1650.png 1320w\" sizes=\"(max-width: 240px) 100vw, 240px\" \/>\t\t\t\t\t\t\t\t\t\t\t\t\t<\/div>\n\t\t\t\t<\/div>\n\t\t\t\t<\/div>\n\t\t\t\t\t<\/div>\n\t\t\t\t<\/div>\n\t\t\t\t<\/div>\n\t\t","protected":false},"excerpt":{"rendered":"<p>A SEMADI teve seu in\u00edcio com o desejo ardente no cora\u00e7\u00e3o do saudoso pastor Alfredo Reikdal em fazer miss\u00f5es, que em 2005 atrav\u00e9s de uma reuni\u00e3o presidida pelo nosso atual pastor presidente Alcides F\u00e1varo a SEMADI se tornou uma grande realidade. A SEMADI \u00e9 a Secretaria de Miss\u00f5es da Assembleia de Deus minist\u00e9rio no Ipiranga. Um departamento sem fins lucrativos voltado para a causa mission\u00e1ria. Respons\u00e1vel pelos mission\u00e1rios que est\u00e3o no campo e pela nova forma\u00e7\u00e3o de novos mission\u00e1rios, em nossa base mission\u00e1ria, na cidade de Itatiba no estado de S\u00e3o Paulo.Ao longo dos anos a SEMADI vem crescendo e\u2026<\/p>\n","protected":false},"author":1,"featured_media":0,"parent":0,"menu_order":2,"comment_status":"closed","ping_status":"closed","template":"","meta":{"_joinchat":[]},"blocksy_meta":{"styles_descriptor":{"styles":{"desktop":"","tablet":"","mobile":""},"google_fonts":[],"version":5}},"_links":{"self":[{"href":"https:\/\/semadi.com.br\/ctm\/wp-json\/wp\/v2\/pages\/1738"}],"collection":[{"href":"https:\/\/semadi.com.br\/ctm\/wp-json\/wp\/v2\/pages"}],"about":[{"href":"https:\/\/semadi.com.br\/ctm\/wp-json\/wp\/v2\/types\/page"}],"author":[{"embeddable":true,"href":"https:\/\/semadi.com.br\/ctm\/wp-json\/wp\/v2\/users\/1"}],"replies":[{"embeddable":true,"href":"https:\/\/semadi.com.br\/ctm\/wp-json\/wp\/v2\/comments?post=1738"}],"version-history":[{"count":22,"href":"https:\/\/semadi.com.br\/ctm\/wp-json\/wp\/v2\/pages\/1738\/revisions"}],"predecessor-version":[{"id":2284,"href":"https:\/\/semadi.com.br\/ctm\/wp-json\/wp\/v2\/pages\/1738\/revisions\/2284"}],"wp:attachment":[{"href":"https:\/\/semadi.com.br\/ctm\/wp-json\/wp\/v2\/media?parent=1738"}],"curies":[{"name":"wp","href":"https:\/\/api.w.org\/{rel}","templated":true}]}}