{"id":1718,"date":"2022-08-12T17:08:55","date_gmt":"2022-08-12T20:08:55","guid":{"rendered":"https:\/\/semadi.com.br\/ctm\/produto\/album\/"},"modified":"2025-04-12T09:43:50","modified_gmt":"2025-04-12T12:43:50","slug":"album","status":"publish","type":"product","link":"https:\/\/semadi.com.br\/ctm\/produto\/album\/","title":{"rendered":"Curso intensivo de Capacita\u00e7\u00e3o Missiol\u00f3gica"},"content":{"rendered":"<p><strong>Encontros mensais aos s\u00e1bados NA BASE MISSION\u00c1RIA DA SEMADI:<\/strong><\/p>\n<p><strong>Miss\u00f5es e Pentecostalismo<\/strong>\u00a0\u2013 Pastor Setorial Rog\u00e9rio Chagas \u2013 Pirassununga<\/p>\n<p>Aula Presencial: 02 de mar\u00e7o de 2024<\/p>\n<p>Aula online: 11\/03 e 25\/03<\/p>\n<p><strong>Aula b\u00f4nus \u2013 A igreja local e Miss\u00f5es (Modelo de Antioquia)<\/strong>\u00a0\u2013 Pastor Andr\u00e9 Amaral \u2013 Secret\u00e1rio Exec. De Miss\u00f5es SEMADI<\/p>\n<p>Aula online: 10\/04 das 19h30 \u00e0s 21h<\/p>\n<p><strong>Teologia da Miss\u00e3o<\/strong>\u00a0\u2013 Coop. Leonardo Ferreira \u2013 Setor Jd. S\u00e3o Lu\u00eds<\/p>\n<p>Aula Presencial: 20 de abril de 2024<\/p>\n<p>Aula online: 29\/04 e 06\/05<\/p>\n<p><strong>Miss\u00f5es Urbanas<\/strong>\u00a0Ev. Anderson Antunes \u2013 Setor Alvorada<\/p>\n<p>Aula Presencial: 18 de maio de 2024<\/p>\n<p>Aula online: \u00a027\/05 e 10\/06<\/p>\n<p><strong>Contextualiza\u00e7\u00e3o do Evangelho<\/strong>\u00a0\u2013 Ev. Silvio Silva \u2013 Jd. Brasilina<\/p>\n<p>Aula Presencial: 15 de junho de 2024<\/p>\n<p>Aula online: 24\/06 e 01\/07<\/p>\n<p><strong>Aula din\u00e2mica e Formatura<\/strong>\u00a0\u2013 20 de julho de 2024 (das 8h00 as 12h; das 12h as 14h; das 14h \u00e0s 15h) formatura com coffee break)<\/p>\n<p>Investimento:\u00a0<strong>R$200,00 \u00e0 vista ou 4x de R$50,00 (Alimenta\u00e7\u00e3o + Certificado) \u2013 CONDI\u00c7\u00c3O ESPECIAL PARA ITATIBA \u2013 4X NO CARN\u00ca<\/strong><\/p>\n<p><strong><em>Encontros presenciais:<\/em><\/strong><\/p>\n<p><strong>Local:\u00a0<\/strong>Audit\u00f3rio Eritr\u00e9ia nas depend\u00eancias da SEMADI.<br \/>\n<strong>Hor\u00e1rio:\u00a0<\/strong>Das 8h00 \u00e0s 16h00 (Com caf\u00e9 da manh\u00e3 e almo\u00e7o)<\/p>\n<p><strong><em>Encontros Online:<\/em><\/strong><\/p>\n<p><strong>Plataforma:\u00a0<\/strong>www.semadi.com.br\/ead (por onde ser\u00e1 disponibilizado o acesso dos conte\u00fados, avalia\u00e7\u00f5es e via Zoom para as aulas remotas)<br \/>\n<strong>Hor\u00e1rio:\u00a0<\/strong>Pr\u00e9-agendado das 19h30 as 21h00<\/p>\n<p><em>*Ser\u00e3o aplicadas<strong>\u00a05\u00a0aulas presenciais\u00a0<\/strong>no Audit\u00f3rio Eritr\u00e9ia nas depend\u00eancias da SEMADI, sendo 30 horas e\u00a0<strong>9 aulas online<\/strong>, com carga hor\u00e1ria de 18 horas de aula via Zoom.\u00a0<\/em><\/p>\n","protected":false},"excerpt":{"rendered":"<p><strong>Curso semipresencial<\/strong><\/p>\n<p>Parcele em at\u00e9 4x R$50,00<\/p>\n<p><strong>Publico alvo:<\/strong><br \/>\nTodos que desejarem adquirir conhecimentos substanciais na atua\u00e7\u00e3o mission\u00e1ria da igreja local.<\/p>\n","protected":false},"featured_media":2184,"comment_status":"open","ping_status":"closed","template":"","meta":{"_joinchat":[]},"product_cat":[23],"product_tag":[],"_links":{"self":[{"href":"https:\/\/semadi.com.br\/ctm\/wp-json\/wp\/v2\/product\/1718"}],"collection":[{"href":"https:\/\/semadi.com.br\/ctm\/wp-json\/wp\/v2\/product"}],"about":[{"href":"https:\/\/semadi.com.br\/ctm\/wp-json\/wp\/v2\/types\/product"}],"replies":[{"embeddable":true,"href":"https:\/\/semadi.com.br\/ctm\/wp-json\/wp\/v2\/comments?post=1718"}],"wp:featuredmedia":[{"embeddable":true,"href":"https:\/\/semadi.com.br\/ctm\/wp-json\/wp\/v2\/media\/2184"}],"wp:attachment":[{"href":"https:\/\/semadi.com.br\/ctm\/wp-json\/wp\/v2\/media?parent=1718"}],"wp:term":[{"taxonomy":"product_cat","embeddable":true,"href":"https:\/\/semadi.com.br\/ctm\/wp-json\/wp\/v2\/product_cat?post=1718"},{"taxonomy":"product_tag","embeddable":true,"href":"https:\/\/semadi.com.br\/ctm\/wp-json\/wp\/v2\/product_tag?post=1718"}],"curies":[{"name":"wp","href":"https:\/\/api.w.org\/{rel}","templated":true}]}}