{"id":10,"date":"2021-11-18T17:35:05","date_gmt":"2021-11-18T20:35:05","guid":{"rendered":"http:\/\/localhost\/ead\/cadastro-de-alunos\/"},"modified":"2021-11-18T17:35:05","modified_gmt":"2021-11-18T20:35:05","slug":"cadastro-de-alunos","status":"publish","type":"page","link":"https:\/\/semadi.com.br\/ead\/cadastro-de-alunos\/","title":{"rendered":"Cadastro de alunos"},"content":{"rendered":"\n\n\t\n\t<form method=\"post\" enctype=\"multipart\/form-data\" id=\"tutor-registration-from\">\n\t\t<input type=\"hidden\" name=\"tutor_course_enroll_attempt\" value=\"\">\n\t\t\n\t\t<input type=\"hidden\" id=\"_tutor_nonce\" name=\"_tutor_nonce\" value=\"ee751512cc\" \/><input type=\"hidden\" name=\"_wp_http_referer\" value=\"\/ead\/wp-json\/wp\/v2\/pages\/10\" \/>\t\t<input type=\"hidden\" value=\"tutor_register_student\" name=\"tutor_action\"\/>\n\n\t\t\n\t\t<div class=\"tutor-form-row\">\n\t\t\t<div class=\"tutor-form-col-6\">\n\t\t\t\t<div class=\"tutor-form-group\">\n\t\t\t\t\t<label>\n\t\t\t\t\t\tPrimeiro nome\t\t\t\t\t<\/label>\n\n\t\t\t\t\t<input type=\"text\" name=\"first_name\" value=\"\" placeholder=\"Primeiro nome\" required autocomplete=\"given-name\">\n\t\t\t\t<\/div>\n\t\t\t<\/div>\n\n\t\t\t<div class=\"tutor-form-col-6\">\n\t\t\t\t<div class=\"tutor-form-group\">\n\t\t\t\t\t<label>\n\t\t\t\t\t\tSobrenome\t\t\t\t\t<\/label>\n\n\t\t\t\t\t<input type=\"text\" name=\"last_name\" value=\"\" placeholder=\"Sobrenome\" required autocomplete=\"family-name\">\n\t\t\t\t<\/div>\n\t\t\t<\/div>\n\n\t\t<\/div>\n\n\t\t<div class=\"tutor-form-row\">\n\t\t\t<div class=\"tutor-form-col-6\">\n\t\t\t\t<div class=\"tutor-form-group\">\n\t\t\t\t\t<label>\n\t\t\t\t\t\tNome do usu\u00e1rio\t\t\t\t\t<\/label>\n\n\t\t\t\t\t<input type=\"text\" name=\"user_login\" class=\"tutor_user_name\" value=\"\" placeholder=\"Nome do usu\u00e1rio\" required autocomplete=\"username\">\n\t\t\t\t<\/div>\n\t\t\t<\/div>\n\n\t\t\t<div class=\"tutor-form-col-6\">\n\t\t\t\t<div class=\"tutor-form-group\">\n\t\t\t\t\t<label>\n\t\t\t\t\t\tE-Mail\t\t\t\t\t<\/label>\n\n\t\t\t\t\t<input type=\"text\" name=\"email\" value=\"\" placeholder=\"E-Mail\" required autocomplete=\"email\">\n\t\t\t\t<\/div>\n\t\t\t<\/div>\n\n\t\t<\/div>\n\n\t\t<div class=\"tutor-form-row\">\n\t\t\t<div class=\"tutor-form-col-6\">\n\t\t\t\t<div class=\"tutor-form-group\">\n\t\t\t\t\t<label>\n\t\t\t\t\t\tSenha\t\t\t\t\t<\/label>\n\n\t\t\t\t\t<input type=\"password\" name=\"password\" value=\"\" placeholder=\"Senha\" required autocomplete=\"new-password\">\n\t\t\t\t<\/div>\n\t\t\t<\/div>\n\n\t\t\t<div class=\"tutor-form-col-6\">\n\t\t\t\t<div class=\"tutor-form-group\">\n\t\t\t\t\t<label>\n\t\t\t\t\t\tConfirma\u00e7\u00e3o da Senha\t\t\t\t\t<\/label>\n\n\t\t\t\t\t<input type=\"password\" name=\"password_confirmation\" value=\"\" placeholder=\"Confirma\u00e7\u00e3o da Senha\" required autocomplete=\"new-password\">\n\t\t\t\t<\/div>\n\t\t\t<\/div>\n\t\t<\/div>\n\n\n\t\t<div class=\"tutor-form-row\">\n\t\t\t<div class=\"tutor-form-col-12\">\n\t\t\t\t<div class=\"tutor-form-group\">\n\t\t\t\t\t\t\t\t<\/div>\n\t\t\t<\/div>\n\t\t<\/div>    \n\n\t\t\n\t\t\t\t\n\t\t<div>\n\t\t\t<button type=\"submit\" name=\"tutor_register_student_btn\" value=\"register\" class=\"tutor-btn tutor-btn-primary\">Registrar<\/button>\n\t\t<\/div>\n\n\t<\/form>\n\t","protected":false},"excerpt":{"rendered":"<p>Primeiro nome Sobrenome Nome do usu\u00e1rio E-Mail Senha Confirma\u00e7\u00e3o da Senha Registrar<\/p>\n","protected":false},"author":1,"featured_media":0,"parent":0,"menu_order":0,"comment_status":"closed","ping_status":"closed","template":"","meta":{"pmpro_default_level":0,"footnotes":""},"class_list":["post-10","page","type-page","status-publish","hentry","pmpro-has-access"],"_links":{"self":[{"href":"https:\/\/semadi.com.br\/ead\/wp-json\/wp\/v2\/pages\/10","targetHints":{"allow":["GET"]}}],"collection":[{"href":"https:\/\/semadi.com.br\/ead\/wp-json\/wp\/v2\/pages"}],"about":[{"href":"https:\/\/semadi.com.br\/ead\/wp-json\/wp\/v2\/types\/page"}],"author":[{"embeddable":true,"href":"https:\/\/semadi.com.br\/ead\/wp-json\/wp\/v2\/users\/1"}],"replies":[{"embeddable":true,"href":"https:\/\/semadi.com.br\/ead\/wp-json\/wp\/v2\/comments?post=10"}],"version-history":[{"count":0,"href":"https:\/\/semadi.com.br\/ead\/wp-json\/wp\/v2\/pages\/10\/revisions"}],"wp:attachment":[{"href":"https:\/\/semadi.com.br\/ead\/wp-json\/wp\/v2\/media?parent=10"}],"curies":[{"name":"wp","href":"https:\/\/api.w.org\/{rel}","templated":true}]}}