{"id":1509,"date":"2022-09-13T12:33:48","date_gmt":"2022-09-13T15:33:48","guid":{"rendered":"https:\/\/semadi.com.br\/natal\/?post_type=product&#038;p=1509"},"modified":"2025-12-17T10:16:14","modified_gmt":"2025-12-17T13:16:14","slug":"apadrinhamento","status":"publish","type":"product","link":"https:\/\/semadi.com.br\/natal\/produto\/apadrinhamento\/","title":{"rendered":"Apadrinhamento"},"content":{"rendered":"<p>Por meio do apadrinhamento \u00e9 poss\u00edvel colaborar doando um valor de R$ 50,00 para o mission\u00e1rio comprar um presentinho para uma crian\u00e7a, assim voc\u00ea estar\u00e1 fazendo a diferen\u00e7a na vida dessas crian\u00e7as e um natal mais feliz!<\/p>\n","protected":false},"excerpt":{"rendered":"<p>Por meio do apadrinhamento \u00e9 poss\u00edvel colaborar doando um valor de R$ 46,00 para o mission\u00e1rio comprar um presentinho para uma crian\u00e7a, assim voc\u00ea estar\u00e1 fazendo a diferen\u00e7a na vida dessas crian\u00e7as e um natal mais feliz!<\/p>\n","protected":false},"featured_media":1858,"template":"","meta":{"_joinchat":[]},"product_cat":[64],"product_tag":[],"_links":{"self":[{"href":"https:\/\/semadi.com.br\/natal\/wp-json\/wp\/v2\/product\/1509"}],"collection":[{"href":"https:\/\/semadi.com.br\/natal\/wp-json\/wp\/v2\/product"}],"about":[{"href":"https:\/\/semadi.com.br\/natal\/wp-json\/wp\/v2\/types\/product"}],"wp:featuredmedia":[{"embeddable":true,"href":"https:\/\/semadi.com.br\/natal\/wp-json\/wp\/v2\/media\/1858"}],"wp:attachment":[{"href":"https:\/\/semadi.com.br\/natal\/wp-json\/wp\/v2\/media?parent=1509"}],"wp:term":[{"taxonomy":"product_cat","embeddable":true,"href":"https:\/\/semadi.com.br\/natal\/wp-json\/wp\/v2\/product_cat?post=1509"},{"taxonomy":"product_tag","embeddable":true,"href":"https:\/\/semadi.com.br\/natal\/wp-json\/wp\/v2\/product_tag?post=1509"}],"curies":[{"name":"wp","href":"https:\/\/api.w.org\/{rel}","templated":true}]}}